{"id":300,"date":"2024-02-06T15:40:05","date_gmt":"2024-02-06T14:40:05","guid":{"rendered":"https:\/\/kantzentrumnrw.sites.phil.uni-siegen.de\/?page_id=300"},"modified":"2025-03-10T16:10:33","modified_gmt":"2025-03-10T15:10:33","slug":"internationale-mitglieder","status":"publish","type":"page","link":"https:\/\/kant-zentrum-nrw.de\/en\/internationale-mitglieder\/","title":{"rendered":"International members"},"content":{"rendered":"\n<p>In the following list you will find the international members of the Kant Centre. Click on the names to go to the websites of the individual persons.<\/p>\n\n\n\n<table id=\"tablepress-3\" class=\"tablepress tablepress-id-3\">\n<thead>\n<tr class=\"row-1\">\n\t<th class=\"column-1\">Name<\/th><th class=\"column-2\">Standort<\/th>\n<\/tr>\n<\/thead>\n<tbody class=\"row-striping row-hover\">\n<tr class=\"row-2\">\n\t<td class=\"column-1\"><a href=\"https:\/\/mondodomani.org\/filosofiatorvergata\/chisiamo\/docenti\/aportone\/\">Aportone, Anselmo<\/a><\/td><td class=\"column-2\">Tor Vergata, Rome \/ Italy<\/td>\n<\/tr>\n<tr class=\"row-3\">\n\t<td class=\"column-1\"><a href=\"https:\/\/www.unimi.it\/en\/ugov\/person\/stefano-bacin\">Bacin, Stefano<\/a><\/td><td class=\"column-2\">Universit\u00e0 degli Studi di Milano \/ Italy<\/td>\n<\/tr>\n<tr class=\"row-4\">\n\t<td class=\"column-1\"><a href=\"https:\/\/www.keele.ac.uk\/spgs\/staff\/baiasu\/\">Baiasu, Sorin<\/a><\/td><td class=\"column-2\">Keele University \/ UK<\/td>\n<\/tr>\n<tr class=\"row-5\">\n\t<td class=\"column-1\"><a href=\"https:\/\/philosophy.illinois.edu\/directory\/profile\/job39\">Bojanowski, Jochen<\/a><\/td><td class=\"column-2\">University of Urbana-Champaign \/ USA<\/td>\n<\/tr>\n<tr class=\"row-6\">\n\t<td class=\"column-1\"><a href=\"http:\/\/www.dsps.unict.it\/docenti\/luigi.caranti\">Caranti, Luigi<\/a><\/td><td class=\"column-2\">Universit\u00e0 di Catania \/ Italy<\/td>\n<\/tr>\n<tr class=\"row-7\">\n\t<td class=\"column-1\"><a href=\"https:\/\/uchv.princeton.edu\/people\/andrew-chignell\">Chignell, Andrew<\/a><\/td><td class=\"column-2\">Princeton University \/ USA<\/td>\n<\/tr>\n<tr class=\"row-8\">\n\t<td class=\"column-1\"><a href=\"https:\/\/philosophy.uchicago.edu\/faculty\/conant\">Conant, James<\/a><\/td><td class=\"column-2\">University of Chicago \/ USA<\/td>\n<\/tr>\n<tr class=\"row-9\">\n\t<td class=\"column-1\"><a href=\"https:\/\/hiw.kuleuven.be\/cmprpc\/people\/00034230\">de Boer, Karin<\/a><\/td><td class=\"column-2\">KU Leuven \/ Belgium<\/td>\n<\/tr>\n<tr class=\"row-10\">\n\t<td class=\"column-1\"><a href=\"https:\/\/institucional.ufpel.edu.br\/servidores\/id\/29968\">dos Santos, Robinson<\/a><\/td><td class=\"column-2\">Universidade Federal de Pelotas \/ Brasil<\/td>\n<\/tr>\n<tr class=\"row-11\">\n\t<td class=\"column-1\"><a href=\"https:\/\/www.dfe.unito.it\/do\/docenti.pl\/Show?_id=ggava#tab-profilo\">Gava, Gabriele<\/a><\/td><td class=\"column-2\">University of Turin \/ Italy<\/td>\n<\/tr>\n<tr class=\"row-12\">\n\t<td class=\"column-1\"><a href=\"https:\/\/www.phil.tsinghua.edu.cn\/info\/1016\/1772.htm\">Hahmann, Andree<\/a><\/td><td class=\"column-2\">University of Tsinghua, Peking \/ China<\/td>\n<\/tr>\n<tr class=\"row-13\">\n\t<td class=\"column-1\"><a href=\"http:\/\/andrzejkaniowski.uni.lodz.pl\/\">Kaniowski, Andrzej\u00a0<\/a><\/td><td class=\"column-2\">University of \u0141\u00f3d\u017a \/ Poland<\/td>\n<\/tr>\n<tr class=\"row-14\">\n\t<td class=\"column-1\"><a href=\"https:\/\/liberalarts.utexas.edu\/philosophy\/faculty\/ks53536\">Schafer, Karl<\/a><\/td><td class=\"column-2\">University of Texas, Austin \/ USA<\/td>\n<\/tr>\n<tr class=\"row-15\">\n\t<td class=\"column-1\">Kim, Hyeongjoo<\/td><td class=\"column-2\">Chung-Ang University, Seoul \/ South Korea<\/td>\n<\/tr>\n<tr class=\"row-16\">\n\t<td class=\"column-1\"><a href=\"https:\/\/www.rug.nl\/staff\/pauline.kleingeld\/\">Kleingeld, Pauline<\/a><\/td><td class=\"column-2\">University of Groningen \/ Netherlands<\/td>\n<\/tr>\n<tr class=\"row-17\">\n\t<td class=\"column-1\"><a href=\"https:\/\/www.kcl.ac.uk\/people\/jessica-leech\">Leech, Jessica<\/a><\/td><td class=\"column-2\">King&#8217;s College London \/ UK<\/td>\n<\/tr>\n<tr class=\"row-18\">\n\t<td class=\"column-1\"><a href=\"https:\/\/people.ucd.ie\/jim.oshea\">O&#8217;Shea, James<\/a><\/td><td class=\"column-2\">University College Dublin \/ Ireland<\/td>\n<\/tr>\n<tr class=\"row-19\">\n\t<td class=\"column-1\">Pereira da Rosa, Daniel Leite Cabrera<\/td><td class=\"column-2\">Universidade Cat\u00f3lica de Petr\u00f3polis \/ Brasil<\/td>\n<\/tr>\n<tr class=\"row-20\">\n\t<td class=\"column-1\"><a href=\"https:\/\/fil.cfh.ufsc.br\/alessandro-pinzani\/\">Pinzani, Alessandro<\/a><\/td><td class=\"column-2\">Universidade Federal de Santa Catarina \/ Brasil<\/td>\n<\/tr>\n<tr class=\"row-21\">\n\t<td class=\"column-1\"><a href=\"https:\/\/www.carleton.edu\/directory\/hsample\/\">Sample, Hope<\/a><\/td><td class=\"column-2\">Carleton College, Minnesota \/ USA<\/td>\n<\/tr>\n<tr class=\"row-22\">\n\t<td class=\"column-1\"><a href=\"https:\/\/liberalarts.tulane.edu\/departments\/philosophy\/people\/oliver-sensen-phd\">Sensen, Oliver<\/a><\/td><td class=\"column-2\">Tulane University, Louisiana \/ USA<\/td>\n<\/tr>\n<tr class=\"row-23\">\n\t<td class=\"column-1\"><a href=\"https:\/\/research-information.bris.ac.uk\/en\/persons\/martin-sticker\">Sticker, Martin<\/a><\/td><td class=\"column-2\">University of Bristol \/ UK<\/td>\n<\/tr>\n<tr class=\"row-24\">\n\t<td class=\"column-1\"><a href=\"https:\/\/www.st-andrews.ac.uk\/philosophy\/people\/jt28\">Timmermann, Jens<\/a><\/td><td class=\"column-2\">University of St Andrews \/ UK<\/td>\n<\/tr>\n<tr class=\"row-25\">\n\t<td class=\"column-1\"><a href=\"https:\/\/www.lancaster.ac.uk\/ppr\/people\/garrath-williams\">Williams, Garrath<\/a><\/td><td class=\"column-2\">Lancaster University \/ UK<\/td>\n<\/tr>\n<tr class=\"row-26\">\n\t<td class=\"column-1\"><a href=\"https:\/\/philosophy.northwestern.edu\/people\/continuing-faculty\/zuckert-rachel.html\">Zuckert, Rachel<\/a><\/td><td class=\"column-2\">Northwestern University, Evanston \/ USA<\/td>\n<\/tr>\n<\/tbody>\n<\/table>\n<!-- #tablepress-3 from cache -->","protected":false},"excerpt":{"rendered":"<p>In the following list you will find the international members of the Kant Centre. Click on the names to go to the websites of the individual persons.<\/p>\n","protected":false},"author":1,"featured_media":0,"parent":0,"menu_order":0,"comment_status":"closed","ping_status":"closed","template":"","meta":{"footnotes":""},"class_list":["post-300","page","type-page","status-publish","hentry"],"_links":{"self":[{"href":"https:\/\/kant-zentrum-nrw.de\/en\/wp-json\/wp\/v2\/pages\/300","targetHints":{"allow":["GET"]}}],"collection":[{"href":"https:\/\/kant-zentrum-nrw.de\/en\/wp-json\/wp\/v2\/pages"}],"about":[{"href":"https:\/\/kant-zentrum-nrw.de\/en\/wp-json\/wp\/v2\/types\/page"}],"author":[{"embeddable":true,"href":"https:\/\/kant-zentrum-nrw.de\/en\/wp-json\/wp\/v2\/users\/1"}],"replies":[{"embeddable":true,"href":"https:\/\/kant-zentrum-nrw.de\/en\/wp-json\/wp\/v2\/comments?post=300"}],"version-history":[{"count":4,"href":"https:\/\/kant-zentrum-nrw.de\/en\/wp-json\/wp\/v2\/pages\/300\/revisions"}],"predecessor-version":[{"id":1013,"href":"https:\/\/kant-zentrum-nrw.de\/en\/wp-json\/wp\/v2\/pages\/300\/revisions\/1013"}],"wp:attachment":[{"href":"https:\/\/kant-zentrum-nrw.de\/en\/wp-json\/wp\/v2\/media?parent=300"}],"curies":[{"name":"wp","href":"https:\/\/api.w.org\/{rel}","templated":true}]}}