{"id":185,"date":"2024-01-31T18:18:58","date_gmt":"2024-01-31T17:18:58","guid":{"rendered":"https:\/\/localhost\/wordpress\/?page_id=185"},"modified":"2025-09-23T11:09:30","modified_gmt":"2025-09-23T09:09:30","slug":"ressourcen","status":"publish","type":"page","link":"https:\/\/kant-zentrum-nrw.de\/en\/ressourcen\/","title":{"rendered":"Resources"},"content":{"rendered":"\n<p class=\"langswitch\"><a href=\"https:\/\/kant-zentrum-nrw.de\/ressourcen\/\">DE<\/a><\/p>\n\n\n\n<p>The Digital Kant Center NRW would like to prepare and make central topics of Kant&#8217;s philosophy available for non-experts as part of its broad public relations work.<\/p>\n\n\n\n<div style=\"height:20px\" aria-hidden=\"true\" class=\"wp-block-spacer\"><\/div>\n\n\n\n<div class=\"wp-block-columns is-layout-flex wp-container-core-columns-is-layout-28f84493 wp-block-columns-is-layout-flex\">\n<div class=\"wp-block-column is-vertically-aligned-center is-layout-flow wp-block-column-is-layout-flow\" style=\"flex-basis:66.66%\">\n<p>To this end, a video series entitled &#8222;Kant in 5 minutes on&#8230;&#8220; (&#8222;Kant in 5 Minuten \u00fcber&#8230;&#8220;) has been published. You can find the videos in the series on the YouTube channel of the Ostpreu\u00dfischen Landesmuseums L\u00fcneburg (East Prussian State Museum) in the corresponding playlist.<\/p>\n<\/div>\n\n\n\n<div class=\"wp-block-column is-vertically-aligned-center is-layout-flow wp-block-column-is-layout-flow\" style=\"flex-basis:33.33%\">\n<figure class=\"wp-block-image size-full\"><a href=\"https:\/\/www.youtube.com\/playlist?list=PLgvptrL6hgLR7KIPgX9oUQiUbMTP7hm3w\"><img loading=\"lazy\" decoding=\"async\" width=\"1000\" height=\"736\" src=\"https:\/\/kant-zentrum-nrw.de\/en\/wp-content\/uploads\/2024\/02\/youtub4.jpg\" alt=\"\" class=\"wp-image-508\" srcset=\"https:\/\/kant-zentrum-nrw.de\/en\/wp-content\/uploads\/2024\/02\/youtub4.jpg 1000w, https:\/\/kant-zentrum-nrw.de\/en\/wp-content\/uploads\/2024\/02\/youtub4-300x221.jpg 300w, https:\/\/kant-zentrum-nrw.de\/en\/wp-content\/uploads\/2024\/02\/youtub4-768x565.jpg 768w\" sizes=\"auto, (max-width: 1000px) 100vw, 1000px\" \/><\/a><\/figure>\n<\/div>\n<\/div>\n\n\n\n<div style=\"height:50px\" aria-hidden=\"true\" class=\"wp-block-spacer\"><\/div>\n\n\n\n<div class=\"wp-block-columns is-layout-flex wp-container-core-columns-is-layout-28f84493 wp-block-columns-is-layout-flex\">\n<div class=\"wp-block-column is-vertically-aligned-center is-layout-flow wp-block-column-is-layout-flow\" style=\"flex-basis:33.33%\">\n<figure class=\"wp-block-image size-full\"><a href=\"https:\/\/www.youtube.com\/playlist?list=PL2IVo64M7r_b4q0-gFOv7iOppsAfSnaM_\"><img loading=\"lazy\" decoding=\"async\" width=\"1000\" height=\"736\" src=\"https:\/\/kant-zentrum-nrw.de\/en\/wp-content\/uploads\/2024\/02\/playlist4.jpg\" alt=\"\" class=\"wp-image-509\" srcset=\"https:\/\/kant-zentrum-nrw.de\/en\/wp-content\/uploads\/2024\/02\/playlist4.jpg 1000w, https:\/\/kant-zentrum-nrw.de\/en\/wp-content\/uploads\/2024\/02\/playlist4-300x221.jpg 300w, https:\/\/kant-zentrum-nrw.de\/en\/wp-content\/uploads\/2024\/02\/playlist4-768x565.jpg 768w\" sizes=\"auto, (max-width: 1000px) 100vw, 1000px\" \/><\/a><\/figure>\n<\/div>\n\n\n\n<div class=\"wp-block-column is-vertically-aligned-center is-layout-flow wp-block-column-is-layout-flow\" style=\"flex-basis:66.66%\">\n<p>You can find the recordings of the Digital Kant Lectures on the <a href=\"https:\/\/www.youtube.com\/@digitales_kant-zentrum_nrw\">YouTube channel of the Digital Kant Center NRW<\/a><\/p>\n<\/div>\n<\/div>\n\n\n\n<div style=\"height:60px\" aria-hidden=\"true\" class=\"wp-block-spacer\"><\/div>\n\n\n\n<div class=\"wp-block-columns are-vertically-aligned-center is-layout-flex wp-container-core-columns-is-layout-28f84493 wp-block-columns-is-layout-flex\">\n<div class=\"wp-block-column is-vertically-aligned-center is-layout-flow wp-block-column-is-layout-flow\">\n<p>In addition, a podcast series was published as part of the Digital Kant Center NRW. These can be found on <a href=\"https:\/\/podcasts.apple.com\/de\/podcast\/kant-heute-der-podcast\/id1714612163\">Apple Music<\/a>, <a href=\"https:\/\/music.amazon.de\/podcasts\/80a88cb8-aa6c-4805-a319-9fff74a1583f\/kant-heute-der-podcast\">Amazon Music<\/a> or <a href=\"https:\/\/open.spotify.com\/show\/5pgzGgFbhAHelyG7kov7vu?si=jsowkmByQ9ODqjS_XBjljQ\">Spotify<\/a>.<\/p>\n\n\n\n<div class=\"wp-block-columns is-layout-flex wp-container-core-columns-is-layout-28f84493 wp-block-columns-is-layout-flex\">\n<div class=\"wp-block-column is-vertically-aligned-center is-layout-flow wp-block-column-is-layout-flow\">\n<figure class=\"wp-block-image aligncenter size-thumbnail is-resized is-style-default wp-duotone-unset-1\"><a href=\"https:\/\/podcasts.apple.com\/de\/podcast\/kant-heute-der-podcast\/id1714612163\"><img loading=\"lazy\" decoding=\"async\" width=\"150\" height=\"150\" src=\"https:\/\/kant-zentrum-nrw.de\/en\/wp-content\/uploads\/2024\/02\/apple-150x150.png\" alt=\"\" class=\"wp-image-489\" style=\"width:70px\" srcset=\"https:\/\/kant-zentrum-nrw.de\/en\/wp-content\/uploads\/2024\/02\/apple-150x150.png 150w, https:\/\/kant-zentrum-nrw.de\/en\/wp-content\/uploads\/2024\/02\/apple.png 300w\" sizes=\"auto, (max-width: 150px) 100vw, 150px\" \/><\/a><\/figure>\n<\/div>\n\n\n\n<div class=\"wp-block-column is-vertically-aligned-center is-layout-flow wp-block-column-is-layout-flow\">\n<figure class=\"wp-block-image aligncenter size-full is-resized\"><a href=\"https:\/\/music.amazon.de\/podcasts\/80a88cb8-aa6c-4805-a319-9fff74a1583f\/kant-heute-der-podcast\"><img loading=\"lazy\" decoding=\"async\" width=\"300\" height=\"300\" src=\"https:\/\/kant-zentrum-nrw.de\/en\/wp-content\/uploads\/2024\/02\/amazon.png\" alt=\"\" class=\"wp-image-490\" style=\"width:60px\" srcset=\"https:\/\/kant-zentrum-nrw.de\/en\/wp-content\/uploads\/2024\/02\/amazon.png 300w, https:\/\/kant-zentrum-nrw.de\/en\/wp-content\/uploads\/2024\/02\/amazon-150x150.png 150w\" sizes=\"auto, (max-width: 300px) 100vw, 300px\" \/><\/a><\/figure>\n<\/div>\n\n\n\n<div class=\"wp-block-column is-layout-flow wp-block-column-is-layout-flow\">\n<figure class=\"wp-block-image aligncenter size-full is-resized\"><a href=\"https:\/\/open.spotify.com\/show\/5pgzGgFbhAHelyG7kov7vu?si=jsowkmByQ9ODqjS_XBjljQ\"><img loading=\"lazy\" decoding=\"async\" width=\"480\" height=\"480\" src=\"https:\/\/kant-zentrum-nrw.de\/en\/wp-content\/uploads\/2024\/02\/spotify_logo_blau.png\" alt=\"\" class=\"wp-image-203\" style=\"width:65px\" srcset=\"https:\/\/kant-zentrum-nrw.de\/en\/wp-content\/uploads\/2024\/02\/spotify_logo_blau.png 480w, https:\/\/kant-zentrum-nrw.de\/en\/wp-content\/uploads\/2024\/02\/spotify_logo_blau-300x300.png 300w, https:\/\/kant-zentrum-nrw.de\/en\/wp-content\/uploads\/2024\/02\/spotify_logo_blau-150x150.png 150w\" sizes=\"auto, (max-width: 480px) 100vw, 480px\" \/><\/a><\/figure>\n<\/div>\n<\/div>\n<\/div>\n\n\n\n<div class=\"wp-block-column is-vertically-aligned-center is-layout-flow wp-block-column-is-layout-flow\">\n<figure class=\"wp-block-image size-full is-resized\"><img loading=\"lazy\" decoding=\"async\" width=\"850\" height=\"850\" src=\"https:\/\/kant-zentrum-nrw.de\/en\/wp-content\/uploads\/2024\/03\/Kant_Heute_Cover_corrV2.jpg\" alt=\"\" class=\"wp-image-612\" style=\"width:330px;height:auto\" srcset=\"https:\/\/kant-zentrum-nrw.de\/en\/wp-content\/uploads\/2024\/03\/Kant_Heute_Cover_corrV2.jpg 850w, https:\/\/kant-zentrum-nrw.de\/en\/wp-content\/uploads\/2024\/03\/Kant_Heute_Cover_corrV2-300x300.jpg 300w, https:\/\/kant-zentrum-nrw.de\/en\/wp-content\/uploads\/2024\/03\/Kant_Heute_Cover_corrV2-150x150.jpg 150w, https:\/\/kant-zentrum-nrw.de\/en\/wp-content\/uploads\/2024\/03\/Kant_Heute_Cover_corrV2-768x768.jpg 768w\" sizes=\"auto, (max-width: 850px) 100vw, 850px\" \/><\/figure>\n<\/div>\n<\/div>\n\n\n\n<p>Furthermore, we would like to draw attention to the episode &#8222;Mit Rassismus in Kants Werk umgehen&#8220; of the podcast &#8222;H\u00f6rsaal&#8220;; it is the Digital Kant Lecture by Andrea Esser. You can find the podcast under the following <a href=\"https:\/\/www.deutschlandfunknova.de\/beitrag\/philosophie-mit-rassismus-in-kants-werk-umgehen\">link<\/a>.<\/p>\n\n\n\n<div class=\"wp-block-columns is-layout-flex wp-container-core-columns-is-layout-28f84493 wp-block-columns-is-layout-flex\">\n<div class=\"wp-block-column is-layout-flow wp-block-column-is-layout-flow\">\n<p>We would also like to refer you to the podcast series \u2018Philosophical Radio\u2019 from WDR. In the programme \u2018<a href=\"https:\/\/www1.wdr.de\/radio\/wdr5\/sendungen\/philosophie-spezial\/philotag-immanuel-kant-100.html\">Philosophie-Marathon auf WDR 5 &#8211; Kant fragt, wir antworten<\/a>\u2019, central topics of Kantian philosophy were discussed in a series of conversations with experts &#8211; it&#8217;s worth a listen!<\/p>\n<\/div>\n\n\n\n<div class=\"wp-block-column is-layout-flow wp-block-column-is-layout-flow\">\n<figure class=\"wp-block-image size-full\"><img loading=\"lazy\" decoding=\"async\" width=\"1024\" height=\"1024\" src=\"https:\/\/kant-zentrum-nrw.de\/en\/wp-content\/uploads\/2025\/03\/Das-philosophische-Radio-1024x1024-1.jpg\" alt=\"\" class=\"wp-image-1010\" srcset=\"https:\/\/kant-zentrum-nrw.de\/en\/wp-content\/uploads\/2025\/03\/Das-philosophische-Radio-1024x1024-1.jpg 1024w, https:\/\/kant-zentrum-nrw.de\/en\/wp-content\/uploads\/2025\/03\/Das-philosophische-Radio-1024x1024-1-300x300.jpg 300w, https:\/\/kant-zentrum-nrw.de\/en\/wp-content\/uploads\/2025\/03\/Das-philosophische-Radio-1024x1024-1-150x150.jpg 150w, https:\/\/kant-zentrum-nrw.de\/en\/wp-content\/uploads\/2025\/03\/Das-philosophische-Radio-1024x1024-1-768x768.jpg 768w\" sizes=\"auto, (max-width: 1024px) 100vw, 1024px\" \/><\/figure>\n<\/div>\n<\/div>\n\n\n\n<p>Lastly, Prof. Dr. Luigi Caranti (PhD Boston University) has published multiple explanatory videos about Kant in a series called &#8222;<a href=\"https:\/\/www.pe.ruhr-uni-bochum.de\/philosophie\/i\/politik_recht\/eelp-gastlehrstuhl.html.de\">Caranti explains Kant<\/a>&#8220; which includes a variety of timely and insightful topics, such as &#8222;Kant`s Theory of Peace and the Russia-Ukraine War&#8220;. If you find the time, we recommend you take a look!<\/p>\n\n\n\n<p><\/p>\n","protected":false},"excerpt":{"rendered":"<p>DE The Digital Kant Center NRW would like to prepare and make central topics of Kant&#8217;s philosophy available for non-experts as part of its broad public relations work. To this end, a video series entitled &#8222;Kant in 5 minutes on&#8230;&#8220; (&#8222;Kant in 5 Minuten \u00fcber&#8230;&#8220;) has been published. You can find the videos in the [&hellip;]<\/p>\n","protected":false},"author":1,"featured_media":0,"parent":0,"menu_order":0,"comment_status":"closed","ping_status":"closed","template":"","meta":{"footnotes":""},"class_list":["post-185","page","type-page","status-publish","hentry"],"_links":{"self":[{"href":"https:\/\/kant-zentrum-nrw.de\/en\/wp-json\/wp\/v2\/pages\/185","targetHints":{"allow":["GET"]}}],"collection":[{"href":"https:\/\/kant-zentrum-nrw.de\/en\/wp-json\/wp\/v2\/pages"}],"about":[{"href":"https:\/\/kant-zentrum-nrw.de\/en\/wp-json\/wp\/v2\/types\/page"}],"author":[{"embeddable":true,"href":"https:\/\/kant-zentrum-nrw.de\/en\/wp-json\/wp\/v2\/users\/1"}],"replies":[{"embeddable":true,"href":"https:\/\/kant-zentrum-nrw.de\/en\/wp-json\/wp\/v2\/comments?post=185"}],"version-history":[{"count":23,"href":"https:\/\/kant-zentrum-nrw.de\/en\/wp-json\/wp\/v2\/pages\/185\/revisions"}],"predecessor-version":[{"id":1121,"href":"https:\/\/kant-zentrum-nrw.de\/en\/wp-json\/wp\/v2\/pages\/185\/revisions\/1121"}],"wp:attachment":[{"href":"https:\/\/kant-zentrum-nrw.de\/en\/wp-json\/wp\/v2\/media?parent=185"}],"curies":[{"name":"wp","href":"https:\/\/api.w.org\/{rel}","templated":true}]}}